{"id":593,"date":"2025-03-11T14:55:23","date_gmt":"2025-03-11T13:55:23","guid":{"rendered":"http:\/\/dev.pixelmimosa.com\/capucineetmimosa\/?post_type=product&#038;p=593"},"modified":"2025-03-12T22:57:16","modified_gmt":"2025-03-12T21:57:16","slug":"pothos","status":"publish","type":"product","link":"https:\/\/dev.pixelmimosa.com\/capucineetmimosa\/produit\/pothos\/","title":{"rendered":"Pothos"},"content":{"rendered":"<p data-start=\"2836\" data-end=\"3283\">Le <strong data-start=\"2869\" data-end=\"2879\">Pothos<\/strong>, aussi appel\u00e9 \u00ab\u00a0Liane du Diable\u00a0\u00bb, est une plante d\u2019int\u00e9rieur pris\u00e9e pour sa capacit\u00e9 \u00e0 pousser rapidement et \u00e0 s\u2019adapter \u00e0 toutes les conditions. Avec son feuillage vert \u00e9clatant, parfois panach\u00e9 de jaune ou de blanc, il apporte une touche de fra\u00eecheur et de l\u00e9g\u00e8ret\u00e9 \u00e0 n\u2019importe quel espace. Facile d\u2019entretien et d\u00e9polluant, il peut \u00eatre suspendu, laiss\u00e9 en cascade ou tuteur\u00e9 pour un effet grimpant.<\/p>\n","protected":false},"excerpt":{"rendered":"<p>Une plante grimpante facile \u00e0 entretenir, au feuillage brillant et retombant, parfaite pour une d\u00e9coration suspendue ou en cascade.<\/p>\n","protected":false},"featured_media":619,"comment_status":"open","ping_status":"closed","template":"","meta":[],"product_brand":[],"product_cat":[23],"product_tag":[],"class_list":{"0":"post-593","1":"product","2":"type-product","3":"status-publish","4":"has-post-thumbnail","6":"product_cat-plantes-dinterieur","8":"first","9":"instock","10":"shipping-taxable","11":"purchasable","12":"product-type-simple"},"_links":{"self":[{"href":"https:\/\/dev.pixelmimosa.com\/capucineetmimosa\/wp-json\/wp\/v2\/product\/593","targetHints":{"allow":["GET"]}}],"collection":[{"href":"https:\/\/dev.pixelmimosa.com\/capucineetmimosa\/wp-json\/wp\/v2\/product"}],"about":[{"href":"https:\/\/dev.pixelmimosa.com\/capucineetmimosa\/wp-json\/wp\/v2\/types\/product"}],"replies":[{"embeddable":true,"href":"https:\/\/dev.pixelmimosa.com\/capucineetmimosa\/wp-json\/wp\/v2\/comments?post=593"}],"wp:featuredmedia":[{"embeddable":true,"href":"https:\/\/dev.pixelmimosa.com\/capucineetmimosa\/wp-json\/wp\/v2\/media\/619"}],"wp:attachment":[{"href":"https:\/\/dev.pixelmimosa.com\/capucineetmimosa\/wp-json\/wp\/v2\/media?parent=593"}],"wp:term":[{"taxonomy":"product_brand","embeddable":true,"href":"https:\/\/dev.pixelmimosa.com\/capucineetmimosa\/wp-json\/wp\/v2\/product_brand?post=593"},{"taxonomy":"product_cat","embeddable":true,"href":"https:\/\/dev.pixelmimosa.com\/capucineetmimosa\/wp-json\/wp\/v2\/product_cat?post=593"},{"taxonomy":"product_tag","embeddable":true,"href":"https:\/\/dev.pixelmimosa.com\/capucineetmimosa\/wp-json\/wp\/v2\/product_tag?post=593"}],"curies":[{"name":"wp","href":"https:\/\/api.w.org\/{rel}","templated":true}]}}