{"id":592,"date":"2025-03-11T14:54:40","date_gmt":"2025-03-11T13:54:40","guid":{"rendered":"http:\/\/dev.pixelmimosa.com\/capucineetmimosa\/?post_type=product&#038;p=592"},"modified":"2025-03-12T22:56:53","modified_gmt":"2025-03-12T21:56:53","slug":"alocasia-polly","status":"publish","type":"product","link":"https:\/\/dev.pixelmimosa.com\/capucineetmimosa\/produit\/alocasia-polly\/","title":{"rendered":"Alocasia Polly"},"content":{"rendered":"<p data-start=\"2159\" data-end=\"2626\">L\u2019<strong data-start=\"2191\" data-end=\"2209\">Alocasia Polly<\/strong>, aussi surnomm\u00e9e \u00ab\u00a0Oreilles d\u2019\u00e9l\u00e9phant\u00a0\u00bb, est une plante au caract\u00e8re unique gr\u00e2ce \u00e0 ses grandes feuilles vert fonc\u00e9 aux nervures marqu\u00e9es. Son allure exotique et \u00e9l\u00e9gante en fait un v\u00e9ritable atout d\u00e9co. Elle appr\u00e9cie les environnements lumineux et humides, n\u00e9cessitant un entretien r\u00e9gulier pour s\u2019\u00e9panouir pleinement. Parfaite pour les amateurs de plantes qui recherchent une touche tropicale dans leur int\u00e9rieur.<\/p>\n","protected":false},"excerpt":{"rendered":"<p>Une plante tropicale au feuillage spectaculaire, avec des feuilles nervur\u00e9es en forme de fl\u00e8che qui ajoutent une touche exotique \u00e0 tout int\u00e9rieur.<\/p>\n","protected":false},"featured_media":617,"comment_status":"open","ping_status":"closed","template":"","meta":[],"product_brand":[],"product_cat":[23],"product_tag":[],"class_list":{"0":"post-592","1":"product","2":"type-product","3":"status-publish","4":"has-post-thumbnail","6":"product_cat-plantes-dinterieur","8":"first","9":"instock","10":"shipping-taxable","11":"purchasable","12":"product-type-simple"},"_links":{"self":[{"href":"https:\/\/dev.pixelmimosa.com\/capucineetmimosa\/wp-json\/wp\/v2\/product\/592","targetHints":{"allow":["GET"]}}],"collection":[{"href":"https:\/\/dev.pixelmimosa.com\/capucineetmimosa\/wp-json\/wp\/v2\/product"}],"about":[{"href":"https:\/\/dev.pixelmimosa.com\/capucineetmimosa\/wp-json\/wp\/v2\/types\/product"}],"replies":[{"embeddable":true,"href":"https:\/\/dev.pixelmimosa.com\/capucineetmimosa\/wp-json\/wp\/v2\/comments?post=592"}],"wp:featuredmedia":[{"embeddable":true,"href":"https:\/\/dev.pixelmimosa.com\/capucineetmimosa\/wp-json\/wp\/v2\/media\/617"}],"wp:attachment":[{"href":"https:\/\/dev.pixelmimosa.com\/capucineetmimosa\/wp-json\/wp\/v2\/media?parent=592"}],"wp:term":[{"taxonomy":"product_brand","embeddable":true,"href":"https:\/\/dev.pixelmimosa.com\/capucineetmimosa\/wp-json\/wp\/v2\/product_brand?post=592"},{"taxonomy":"product_cat","embeddable":true,"href":"https:\/\/dev.pixelmimosa.com\/capucineetmimosa\/wp-json\/wp\/v2\/product_cat?post=592"},{"taxonomy":"product_tag","embeddable":true,"href":"https:\/\/dev.pixelmimosa.com\/capucineetmimosa\/wp-json\/wp\/v2\/product_tag?post=592"}],"curies":[{"name":"wp","href":"https:\/\/api.w.org\/{rel}","templated":true}]}}