{"id":591,"date":"2025-03-11T14:53:30","date_gmt":"2025-03-11T13:53:30","guid":{"rendered":"http:\/\/dev.pixelmimosa.com\/capucineetmimosa\/?post_type=product&#038;p=591"},"modified":"2025-03-12T22:56:21","modified_gmt":"2025-03-12T21:56:21","slug":"zamioculcas","status":"publish","type":"product","link":"https:\/\/dev.pixelmimosa.com\/capucineetmimosa\/produit\/zamioculcas\/","title":{"rendered":"Zamioculcas"},"content":{"rendered":"<p>Le <strong data-start=\"1549\" data-end=\"1564\">Zamioculcas<\/strong>, aussi appel\u00e9 \u00ab\u00a0Plante ZZ\u00a0\u00bb, est une plante d\u2019int\u00e9rieur appr\u00e9ci\u00e9e pour son feuillage vert fonc\u00e9, brillant et \u00e9l\u00e9gant. Extr\u00eamement r\u00e9sistante, elle supporte aussi bien les oublis d\u2019arrosage que les environnements peu lumineux. Sa croissance lente et sa robustesse en font une plante id\u00e9ale pour apporter une touche de verdure durable \u00e0 tout int\u00e9rieur, sans contrainte d\u2019entretien.<\/p>\n","protected":false},"excerpt":{"rendered":"<p>Une plante d\u2019int\u00e9rieur au feuillage brillant et structur\u00e9, tr\u00e8s r\u00e9sistante et facile \u00e0 entretenir.<\/p>\n","protected":false},"featured_media":616,"comment_status":"open","ping_status":"closed","template":"","meta":[],"product_brand":[],"product_cat":[23],"product_tag":[],"class_list":{"0":"post-591","1":"product","2":"type-product","3":"status-publish","4":"has-post-thumbnail","6":"product_cat-plantes-dinterieur","8":"first","9":"instock","10":"shipping-taxable","11":"purchasable","12":"product-type-simple"},"_links":{"self":[{"href":"https:\/\/dev.pixelmimosa.com\/capucineetmimosa\/wp-json\/wp\/v2\/product\/591","targetHints":{"allow":["GET"]}}],"collection":[{"href":"https:\/\/dev.pixelmimosa.com\/capucineetmimosa\/wp-json\/wp\/v2\/product"}],"about":[{"href":"https:\/\/dev.pixelmimosa.com\/capucineetmimosa\/wp-json\/wp\/v2\/types\/product"}],"replies":[{"embeddable":true,"href":"https:\/\/dev.pixelmimosa.com\/capucineetmimosa\/wp-json\/wp\/v2\/comments?post=591"}],"wp:featuredmedia":[{"embeddable":true,"href":"https:\/\/dev.pixelmimosa.com\/capucineetmimosa\/wp-json\/wp\/v2\/media\/616"}],"wp:attachment":[{"href":"https:\/\/dev.pixelmimosa.com\/capucineetmimosa\/wp-json\/wp\/v2\/media?parent=591"}],"wp:term":[{"taxonomy":"product_brand","embeddable":true,"href":"https:\/\/dev.pixelmimosa.com\/capucineetmimosa\/wp-json\/wp\/v2\/product_brand?post=591"},{"taxonomy":"product_cat","embeddable":true,"href":"https:\/\/dev.pixelmimosa.com\/capucineetmimosa\/wp-json\/wp\/v2\/product_cat?post=591"},{"taxonomy":"product_tag","embeddable":true,"href":"https:\/\/dev.pixelmimosa.com\/capucineetmimosa\/wp-json\/wp\/v2\/product_tag?post=591"}],"curies":[{"name":"wp","href":"https:\/\/api.w.org\/{rel}","templated":true}]}}