{"id":588,"date":"2025-03-11T14:52:15","date_gmt":"2025-03-11T13:52:15","guid":{"rendered":"http:\/\/dev.pixelmimosa.com\/capucineetmimosa\/?post_type=product&#038;p=588"},"modified":"2025-03-12T22:58:34","modified_gmt":"2025-03-12T21:58:34","slug":"sansevieria","status":"publish","type":"product","link":"https:\/\/dev.pixelmimosa.com\/capucineetmimosa\/produit\/sansevieria\/","title":{"rendered":"Sansevieria"},"content":{"rendered":"<p>La <strong data-start=\"919\" data-end=\"934\">Sansevieria<\/strong>, aussi appel\u00e9e \u00ab\u00a0Langue de belle-m\u00e8re\u00a0\u00bb, est une plante d\u2019int\u00e9rieur ultra r\u00e9sistante qui s\u2019adapte \u00e0 presque tous les environnements. Ses longues feuilles \u00e9paisses et verticales apportent une touche moderne et minimaliste \u00e0 la d\u00e9coration. Peu gourmande en eau, elle est parfaite pour ceux qui n\u2019ont pas la main verte. En bonus, elle purifie l\u2019air en absorbant certaines toxines pr\u00e9sentes dans l\u2019atmosph\u00e8re.<\/p>\n","protected":false},"excerpt":{"rendered":"<p>Une plante robuste aux feuilles dress\u00e9es et graphiques, id\u00e9ale pour purifier l\u2019air et n\u00e9cessitant tr\u00e8s peu d\u2019entretien.<\/p>\n","protected":false},"featured_media":620,"comment_status":"open","ping_status":"closed","template":"","meta":[],"product_brand":[],"product_cat":[23],"product_tag":[],"class_list":{"0":"post-588","1":"product","2":"type-product","3":"status-publish","4":"has-post-thumbnail","6":"product_cat-plantes-dinterieur","8":"first","9":"instock","10":"shipping-taxable","11":"purchasable","12":"product-type-simple"},"_links":{"self":[{"href":"https:\/\/dev.pixelmimosa.com\/capucineetmimosa\/wp-json\/wp\/v2\/product\/588","targetHints":{"allow":["GET"]}}],"collection":[{"href":"https:\/\/dev.pixelmimosa.com\/capucineetmimosa\/wp-json\/wp\/v2\/product"}],"about":[{"href":"https:\/\/dev.pixelmimosa.com\/capucineetmimosa\/wp-json\/wp\/v2\/types\/product"}],"replies":[{"embeddable":true,"href":"https:\/\/dev.pixelmimosa.com\/capucineetmimosa\/wp-json\/wp\/v2\/comments?post=588"}],"wp:featuredmedia":[{"embeddable":true,"href":"https:\/\/dev.pixelmimosa.com\/capucineetmimosa\/wp-json\/wp\/v2\/media\/620"}],"wp:attachment":[{"href":"https:\/\/dev.pixelmimosa.com\/capucineetmimosa\/wp-json\/wp\/v2\/media?parent=588"}],"wp:term":[{"taxonomy":"product_brand","embeddable":true,"href":"https:\/\/dev.pixelmimosa.com\/capucineetmimosa\/wp-json\/wp\/v2\/product_brand?post=588"},{"taxonomy":"product_cat","embeddable":true,"href":"https:\/\/dev.pixelmimosa.com\/capucineetmimosa\/wp-json\/wp\/v2\/product_cat?post=588"},{"taxonomy":"product_tag","embeddable":true,"href":"https:\/\/dev.pixelmimosa.com\/capucineetmimosa\/wp-json\/wp\/v2\/product_tag?post=588"}],"curies":[{"name":"wp","href":"https:\/\/api.w.org\/{rel}","templated":true}]}}