{"id":584,"date":"2025-03-11T14:50:29","date_gmt":"2025-03-11T13:50:29","guid":{"rendered":"http:\/\/dev.pixelmimosa.com\/capucineetmimosa\/?post_type=product&#038;p=584"},"modified":"2025-03-12T22:53:22","modified_gmt":"2025-03-12T21:53:22","slug":"peperomia","status":"publish","type":"product","link":"https:\/\/dev.pixelmimosa.com\/capucineetmimosa\/produit\/peperomia\/","title":{"rendered":"Peperomia"},"content":{"rendered":"<p>Avec ses feuilles charnues et souvent nervur\u00e9es, la <strong data-start=\"363\" data-end=\"376\">P\u00e9p\u00e9romie<\/strong> est une plante \u00e9l\u00e9gante et peu exigeante, id\u00e9ale pour les int\u00e9rieurs. Elle se d\u00e9cline en plusieurs vari\u00e9t\u00e9s aux formes et couleurs vari\u00e9es, allant du vert profond au panach\u00e9 argent\u00e9. Facile d\u2019entretien et appr\u00e9ciant la lumi\u00e8re indirecte, elle s\u2019adapte parfaitement aux bureaux et aux petits espaces.<\/p>\n","protected":false},"excerpt":{"rendered":"<p>Une plante compacte et graphique aux feuilles \u00e9paisses et textur\u00e9es, parfaite pour apporter une touche de verdure facile d\u2019entretien.<\/p>\n","protected":false},"featured_media":618,"comment_status":"open","ping_status":"closed","template":"","meta":[],"product_brand":[],"product_cat":[23],"product_tag":[],"class_list":{"0":"post-584","1":"product","2":"type-product","3":"status-publish","4":"has-post-thumbnail","6":"product_cat-plantes-dinterieur","8":"first","9":"instock","10":"shipping-taxable","11":"purchasable","12":"product-type-simple"},"_links":{"self":[{"href":"https:\/\/dev.pixelmimosa.com\/capucineetmimosa\/wp-json\/wp\/v2\/product\/584","targetHints":{"allow":["GET"]}}],"collection":[{"href":"https:\/\/dev.pixelmimosa.com\/capucineetmimosa\/wp-json\/wp\/v2\/product"}],"about":[{"href":"https:\/\/dev.pixelmimosa.com\/capucineetmimosa\/wp-json\/wp\/v2\/types\/product"}],"replies":[{"embeddable":true,"href":"https:\/\/dev.pixelmimosa.com\/capucineetmimosa\/wp-json\/wp\/v2\/comments?post=584"}],"wp:featuredmedia":[{"embeddable":true,"href":"https:\/\/dev.pixelmimosa.com\/capucineetmimosa\/wp-json\/wp\/v2\/media\/618"}],"wp:attachment":[{"href":"https:\/\/dev.pixelmimosa.com\/capucineetmimosa\/wp-json\/wp\/v2\/media?parent=584"}],"wp:term":[{"taxonomy":"product_brand","embeddable":true,"href":"https:\/\/dev.pixelmimosa.com\/capucineetmimosa\/wp-json\/wp\/v2\/product_brand?post=584"},{"taxonomy":"product_cat","embeddable":true,"href":"https:\/\/dev.pixelmimosa.com\/capucineetmimosa\/wp-json\/wp\/v2\/product_cat?post=584"},{"taxonomy":"product_tag","embeddable":true,"href":"https:\/\/dev.pixelmimosa.com\/capucineetmimosa\/wp-json\/wp\/v2\/product_tag?post=584"}],"curies":[{"name":"wp","href":"https:\/\/api.w.org\/{rel}","templated":true}]}}