{"id":576,"date":"2025-03-11T14:36:23","date_gmt":"2025-03-11T13:36:23","guid":{"rendered":"http:\/\/dev.pixelmimosa.com\/capucineetmimosa\/?post_type=product&#038;p=576"},"modified":"2025-03-13T10:57:10","modified_gmt":"2025-03-13T09:57:10","slug":"souffle-dete","status":"publish","type":"product","link":"https:\/\/dev.pixelmimosa.com\/capucineetmimosa\/produit\/souffle-dete\/","title":{"rendered":"Souffle d&rsquo;\u00e9t\u00e9"},"content":{"rendered":"<p data-start=\"1390\" data-end=\"1749\">Avec ses teintes \u00e9clatantes et ensoleill\u00e9es, <strong data-start=\"1465\" data-end=\"1482\">Souffle d\u2019\u00c9t\u00e9<\/strong> apporte une note de gaiet\u00e9 et de fra\u00eecheur \u00e0 votre d\u00e9coration. Compos\u00e9e de fleurs s\u00e9ch\u00e9es aux couleurs lumineuses, elle \u00e9voque les champs fleuris et les apr\u00e8s-midis baign\u00e9s de soleil. Un bouquet parfait pour illuminer un int\u00e9rieur et prolonger l\u2019\u00e9t\u00e9 toute l\u2019ann\u00e9e.<\/p>\n","protected":false},"excerpt":{"rendered":"<p>Une composition lumineuse et joyeuse, aux couleurs ensoleill\u00e9es, qui rappelle la chaleur des journ\u00e9es estivales.<\/p>\n","protected":false},"featured_media":663,"comment_status":"open","ping_status":"closed","template":"","meta":[],"product_brand":[],"product_cat":[22],"product_tag":[],"class_list":{"0":"post-576","1":"product","2":"type-product","3":"status-publish","4":"has-post-thumbnail","6":"product_cat-fleurs-sechees","8":"first","9":"instock","10":"shipping-taxable","11":"purchasable","12":"product-type-simple"},"_links":{"self":[{"href":"https:\/\/dev.pixelmimosa.com\/capucineetmimosa\/wp-json\/wp\/v2\/product\/576","targetHints":{"allow":["GET"]}}],"collection":[{"href":"https:\/\/dev.pixelmimosa.com\/capucineetmimosa\/wp-json\/wp\/v2\/product"}],"about":[{"href":"https:\/\/dev.pixelmimosa.com\/capucineetmimosa\/wp-json\/wp\/v2\/types\/product"}],"replies":[{"embeddable":true,"href":"https:\/\/dev.pixelmimosa.com\/capucineetmimosa\/wp-json\/wp\/v2\/comments?post=576"}],"wp:featuredmedia":[{"embeddable":true,"href":"https:\/\/dev.pixelmimosa.com\/capucineetmimosa\/wp-json\/wp\/v2\/media\/663"}],"wp:attachment":[{"href":"https:\/\/dev.pixelmimosa.com\/capucineetmimosa\/wp-json\/wp\/v2\/media?parent=576"}],"wp:term":[{"taxonomy":"product_brand","embeddable":true,"href":"https:\/\/dev.pixelmimosa.com\/capucineetmimosa\/wp-json\/wp\/v2\/product_brand?post=576"},{"taxonomy":"product_cat","embeddable":true,"href":"https:\/\/dev.pixelmimosa.com\/capucineetmimosa\/wp-json\/wp\/v2\/product_cat?post=576"},{"taxonomy":"product_tag","embeddable":true,"href":"https:\/\/dev.pixelmimosa.com\/capucineetmimosa\/wp-json\/wp\/v2\/product_tag?post=576"}],"curies":[{"name":"wp","href":"https:\/\/api.w.org\/{rel}","templated":true}]}}