{"id":572,"date":"2025-03-11T14:31:17","date_gmt":"2025-03-11T13:31:17","guid":{"rendered":"http:\/\/dev.pixelmimosa.com\/capucineetmimosa\/?post_type=product&#038;p=572"},"modified":"2025-03-13T10:56:11","modified_gmt":"2025-03-13T09:56:11","slug":"lune-de-miel","status":"publish","type":"product","link":"https:\/\/dev.pixelmimosa.com\/capucineetmimosa\/produit\/lune-de-miel\/","title":{"rendered":"Lune de miel"},"content":{"rendered":"<p>D\u00e9licate et envo\u00fbtante, <strong data-start=\"1965\" data-end=\"1981\">Lune de Miel<\/strong> marie avec finesse des fleurs s\u00e9ch\u00e9es aux teintes pastel et naturelles. Son allure douce et romantique en fait un choix parfait pour une d\u00e9coration apaisante et raffin\u00e9e. Plac\u00e9e sur une table, une \u00e9tag\u00e8re ou suspendue, elle ajoute une touche de po\u00e9sie \u00e0 chaque espace.<\/p>\n","protected":false},"excerpt":{"rendered":"<p>Une composition douce et apaisante, m\u00ealant des fleurs s\u00e9ch\u00e9es aux nuances tendres et \u00e9l\u00e9gantes.<\/p>\n","protected":false},"featured_media":659,"comment_status":"open","ping_status":"closed","template":"","meta":[],"product_brand":[],"product_cat":[22],"product_tag":[],"class_list":{"0":"post-572","1":"product","2":"type-product","3":"status-publish","4":"has-post-thumbnail","6":"product_cat-fleurs-sechees","8":"first","9":"instock","10":"shipping-taxable","11":"purchasable","12":"product-type-simple"},"_links":{"self":[{"href":"https:\/\/dev.pixelmimosa.com\/capucineetmimosa\/wp-json\/wp\/v2\/product\/572","targetHints":{"allow":["GET"]}}],"collection":[{"href":"https:\/\/dev.pixelmimosa.com\/capucineetmimosa\/wp-json\/wp\/v2\/product"}],"about":[{"href":"https:\/\/dev.pixelmimosa.com\/capucineetmimosa\/wp-json\/wp\/v2\/types\/product"}],"replies":[{"embeddable":true,"href":"https:\/\/dev.pixelmimosa.com\/capucineetmimosa\/wp-json\/wp\/v2\/comments?post=572"}],"wp:featuredmedia":[{"embeddable":true,"href":"https:\/\/dev.pixelmimosa.com\/capucineetmimosa\/wp-json\/wp\/v2\/media\/659"}],"wp:attachment":[{"href":"https:\/\/dev.pixelmimosa.com\/capucineetmimosa\/wp-json\/wp\/v2\/media?parent=572"}],"wp:term":[{"taxonomy":"product_brand","embeddable":true,"href":"https:\/\/dev.pixelmimosa.com\/capucineetmimosa\/wp-json\/wp\/v2\/product_brand?post=572"},{"taxonomy":"product_cat","embeddable":true,"href":"https:\/\/dev.pixelmimosa.com\/capucineetmimosa\/wp-json\/wp\/v2\/product_cat?post=572"},{"taxonomy":"product_tag","embeddable":true,"href":"https:\/\/dev.pixelmimosa.com\/capucineetmimosa\/wp-json\/wp\/v2\/product_tag?post=572"}],"curies":[{"name":"wp","href":"https:\/\/api.w.org\/{rel}","templated":true}]}}