{"id":568,"date":"2025-03-11T14:26:16","date_gmt":"2025-03-11T13:26:16","guid":{"rendered":"http:\/\/dev.pixelmimosa.com\/capucineetmimosa\/?post_type=product&#038;p=568"},"modified":"2025-03-13T10:55:30","modified_gmt":"2025-03-13T09:55:30","slug":"poesie-boheme","status":"publish","type":"product","link":"https:\/\/dev.pixelmimosa.com\/capucineetmimosa\/produit\/poesie-boheme\/","title":{"rendered":"Po\u00e9sie boh\u00e8me"},"content":{"rendered":"<p>L\u00e9g\u00e8re et raffin\u00e9e, <strong data-start=\"884\" data-end=\"901\">Po\u00e9sie Boh\u00e8me<\/strong> joue sur des nuances douces et poudr\u00e9es pour une composition tout en \u00e9l\u00e9gance. Les fleurs s\u00e9ch\u00e9es s\u2019entrelacent avec subtilit\u00e9, offrant un rendu d\u00e9licat et apaisant. Id\u00e9ale pour apporter une touche de naturel et de romantisme \u00e0 un int\u00e9rieur, elle se fond harmonieusement dans tous les styles de d\u00e9coration.<\/p>\n","protected":false},"excerpt":{"rendered":"<p>Un m\u00e9lange d\u00e9licat et a\u00e9rien de fleurs s\u00e9ch\u00e9es aux teintes douces, pour une d\u00e9coration po\u00e9tique et intemporelle.<\/p>\n","protected":false},"featured_media":655,"comment_status":"open","ping_status":"closed","template":"","meta":[],"product_brand":[],"product_cat":[22],"product_tag":[],"class_list":{"0":"post-568","1":"product","2":"type-product","3":"status-publish","4":"has-post-thumbnail","6":"product_cat-fleurs-sechees","8":"first","9":"instock","10":"shipping-taxable","11":"purchasable","12":"product-type-simple"},"_links":{"self":[{"href":"https:\/\/dev.pixelmimosa.com\/capucineetmimosa\/wp-json\/wp\/v2\/product\/568","targetHints":{"allow":["GET"]}}],"collection":[{"href":"https:\/\/dev.pixelmimosa.com\/capucineetmimosa\/wp-json\/wp\/v2\/product"}],"about":[{"href":"https:\/\/dev.pixelmimosa.com\/capucineetmimosa\/wp-json\/wp\/v2\/types\/product"}],"replies":[{"embeddable":true,"href":"https:\/\/dev.pixelmimosa.com\/capucineetmimosa\/wp-json\/wp\/v2\/comments?post=568"}],"wp:featuredmedia":[{"embeddable":true,"href":"https:\/\/dev.pixelmimosa.com\/capucineetmimosa\/wp-json\/wp\/v2\/media\/655"}],"wp:attachment":[{"href":"https:\/\/dev.pixelmimosa.com\/capucineetmimosa\/wp-json\/wp\/v2\/media?parent=568"}],"wp:term":[{"taxonomy":"product_brand","embeddable":true,"href":"https:\/\/dev.pixelmimosa.com\/capucineetmimosa\/wp-json\/wp\/v2\/product_brand?post=568"},{"taxonomy":"product_cat","embeddable":true,"href":"https:\/\/dev.pixelmimosa.com\/capucineetmimosa\/wp-json\/wp\/v2\/product_cat?post=568"},{"taxonomy":"product_tag","embeddable":true,"href":"https:\/\/dev.pixelmimosa.com\/capucineetmimosa\/wp-json\/wp\/v2\/product_tag?post=568"}],"curies":[{"name":"wp","href":"https:\/\/api.w.org\/{rel}","templated":true}]}}