{"id":560,"date":"2025-03-11T14:13:28","date_gmt":"2025-03-11T13:13:28","guid":{"rendered":"http:\/\/dev.pixelmimosa.com\/capucineetmimosa\/?post_type=product&#038;p=560"},"modified":"2025-03-13T10:51:43","modified_gmt":"2025-03-13T09:51:43","slug":"rosee-du-matin","status":"publish","type":"product","link":"https:\/\/dev.pixelmimosa.com\/capucineetmimosa\/produit\/rosee-du-matin\/","title":{"rendered":"Ros\u00e9e du matin"},"content":{"rendered":"<p data-start=\"2977\" data-end=\"3319\">Comme une perle de ros\u00e9e au lever du jour, <strong data-start=\"3050\" data-end=\"3068\">Ros\u00e9e du Matin<\/strong> capture la fra\u00eecheur et la tendresse \u00e0 travers une palette de roses d\u00e9licats. Ses fleurs l\u00e9g\u00e8res et \u00e9l\u00e9gantes forment une composition pleine de douceur et de po\u00e9sie, id\u00e9ale pour offrir une note romantique ou illuminer un int\u00e9rieur avec d\u00e9licatesse.<\/p>\n","protected":false},"excerpt":{"rendered":"<p>Un bouquet tout en finesse, d\u00e9clin\u00e9 dans des nuances de rose pour une touche romantique et d\u00e9licate.<\/p>\n","protected":false},"featured_media":647,"comment_status":"open","ping_status":"closed","template":"","meta":[],"product_brand":[],"product_cat":[21],"product_tag":[],"class_list":{"0":"post-560","1":"product","2":"type-product","3":"status-publish","4":"has-post-thumbnail","6":"product_cat-bouquets-de-fleurs-fraiches","8":"first","9":"instock","10":"shipping-taxable","11":"purchasable","12":"product-type-simple"},"_links":{"self":[{"href":"https:\/\/dev.pixelmimosa.com\/capucineetmimosa\/wp-json\/wp\/v2\/product\/560","targetHints":{"allow":["GET"]}}],"collection":[{"href":"https:\/\/dev.pixelmimosa.com\/capucineetmimosa\/wp-json\/wp\/v2\/product"}],"about":[{"href":"https:\/\/dev.pixelmimosa.com\/capucineetmimosa\/wp-json\/wp\/v2\/types\/product"}],"replies":[{"embeddable":true,"href":"https:\/\/dev.pixelmimosa.com\/capucineetmimosa\/wp-json\/wp\/v2\/comments?post=560"}],"wp:featuredmedia":[{"embeddable":true,"href":"https:\/\/dev.pixelmimosa.com\/capucineetmimosa\/wp-json\/wp\/v2\/media\/647"}],"wp:attachment":[{"href":"https:\/\/dev.pixelmimosa.com\/capucineetmimosa\/wp-json\/wp\/v2\/media?parent=560"}],"wp:term":[{"taxonomy":"product_brand","embeddable":true,"href":"https:\/\/dev.pixelmimosa.com\/capucineetmimosa\/wp-json\/wp\/v2\/product_brand?post=560"},{"taxonomy":"product_cat","embeddable":true,"href":"https:\/\/dev.pixelmimosa.com\/capucineetmimosa\/wp-json\/wp\/v2\/product_cat?post=560"},{"taxonomy":"product_tag","embeddable":true,"href":"https:\/\/dev.pixelmimosa.com\/capucineetmimosa\/wp-json\/wp\/v2\/product_tag?post=560"}],"curies":[{"name":"wp","href":"https:\/\/api.w.org\/{rel}","templated":true}]}}