{"id":555,"date":"2025-03-11T14:10:08","date_gmt":"2025-03-11T13:10:08","guid":{"rendered":"http:\/\/dev.pixelmimosa.com\/capucineetmimosa\/?post_type=product&#038;p=555"},"modified":"2025-03-13T10:51:02","modified_gmt":"2025-03-13T09:51:02","slug":"harmonie-sauvage","status":"publish","type":"product","link":"https:\/\/dev.pixelmimosa.com\/capucineetmimosa\/produit\/harmonie-sauvage\/","title":{"rendered":"Harmonie sauvage"},"content":{"rendered":"<p>Toute la beaut\u00e9 de la nature dans une composition d\u00e9licate. <strong data-start=\"1992\" data-end=\"2012\">Harmonie Sauvage<\/strong> marie avec subtilit\u00e9 des fleurs aux teintes roses et blanches, cr\u00e9ant un \u00e9quilibre parfait entre douceur et raffinement. Son allure naturelle et \u00e9pur\u00e9e en fait le bouquet id\u00e9al pour un cadeau tendre ou une d\u00e9coration \u00e9l\u00e9gante et apaisante.<\/p>\n","protected":false},"excerpt":{"rendered":"<p>Un bouquet naturel et \u00e9l\u00e9gant, jouant sur les nuances de rose et de blanc pour une composition douce et intemporelle.<\/p>\n","protected":false},"featured_media":643,"comment_status":"open","ping_status":"closed","template":"","meta":[],"product_brand":[],"product_cat":[21],"product_tag":[],"class_list":{"0":"post-555","1":"product","2":"type-product","3":"status-publish","4":"has-post-thumbnail","6":"product_cat-bouquets-de-fleurs-fraiches","8":"first","9":"instock","10":"shipping-taxable","11":"purchasable","12":"product-type-simple"},"_links":{"self":[{"href":"https:\/\/dev.pixelmimosa.com\/capucineetmimosa\/wp-json\/wp\/v2\/product\/555","targetHints":{"allow":["GET"]}}],"collection":[{"href":"https:\/\/dev.pixelmimosa.com\/capucineetmimosa\/wp-json\/wp\/v2\/product"}],"about":[{"href":"https:\/\/dev.pixelmimosa.com\/capucineetmimosa\/wp-json\/wp\/v2\/types\/product"}],"replies":[{"embeddable":true,"href":"https:\/\/dev.pixelmimosa.com\/capucineetmimosa\/wp-json\/wp\/v2\/comments?post=555"}],"wp:featuredmedia":[{"embeddable":true,"href":"https:\/\/dev.pixelmimosa.com\/capucineetmimosa\/wp-json\/wp\/v2\/media\/643"}],"wp:attachment":[{"href":"https:\/\/dev.pixelmimosa.com\/capucineetmimosa\/wp-json\/wp\/v2\/media?parent=555"}],"wp:term":[{"taxonomy":"product_brand","embeddable":true,"href":"https:\/\/dev.pixelmimosa.com\/capucineetmimosa\/wp-json\/wp\/v2\/product_brand?post=555"},{"taxonomy":"product_cat","embeddable":true,"href":"https:\/\/dev.pixelmimosa.com\/capucineetmimosa\/wp-json\/wp\/v2\/product_cat?post=555"},{"taxonomy":"product_tag","embeddable":true,"href":"https:\/\/dev.pixelmimosa.com\/capucineetmimosa\/wp-json\/wp\/v2\/product_tag?post=555"}],"curies":[{"name":"wp","href":"https:\/\/api.w.org\/{rel}","templated":true}]}}