{"id":550,"date":"2025-03-11T13:59:47","date_gmt":"2025-03-11T12:59:47","guid":{"rendered":"http:\/\/dev.pixelmimosa.com\/capucineetmimosa\/?post_type=product&#038;p=550"},"modified":"2025-03-13T10:50:16","modified_gmt":"2025-03-13T09:50:16","slug":"brise-boheme","status":"publish","type":"product","link":"https:\/\/dev.pixelmimosa.com\/capucineetmimosa\/produit\/brise-boheme\/","title":{"rendered":"Brise boh\u00e8me"},"content":{"rendered":"<p data-start=\"1357\" data-end=\"1714\"><strong data-start=\"1387\" data-end=\"1403\">Brise Boh\u00e8me<\/strong> est une invitation \u00e0 la libert\u00e9 et \u00e0 l\u2019\u00e9l\u00e9gance naturelle. Avec ses nuances de violet profond et d\u2019orange d\u00e9licat, ce bouquet cr\u00e9e un contraste subtil et harmonieux, rappelant la douceur des fins de journ\u00e9e ensoleill\u00e9es. Id\u00e9al pour un int\u00e9rieur cosy ou pour offrir un bouquet plein de caract\u00e8re et de po\u00e9sie.<\/p>\n","protected":false},"excerpt":{"rendered":"<p>Un bouquet original et chaleureux aux teintes de violet et d\u2019orange p\u00e2le, pour une touche boh\u00e8me et raffin\u00e9e.<\/p>\n","protected":false},"featured_media":639,"comment_status":"open","ping_status":"closed","template":"","meta":[],"product_brand":[],"product_cat":[21],"product_tag":[],"class_list":{"0":"post-550","1":"product","2":"type-product","3":"status-publish","4":"has-post-thumbnail","6":"product_cat-bouquets-de-fleurs-fraiches","8":"first","9":"instock","10":"shipping-taxable","11":"purchasable","12":"product-type-simple"},"_links":{"self":[{"href":"https:\/\/dev.pixelmimosa.com\/capucineetmimosa\/wp-json\/wp\/v2\/product\/550","targetHints":{"allow":["GET"]}}],"collection":[{"href":"https:\/\/dev.pixelmimosa.com\/capucineetmimosa\/wp-json\/wp\/v2\/product"}],"about":[{"href":"https:\/\/dev.pixelmimosa.com\/capucineetmimosa\/wp-json\/wp\/v2\/types\/product"}],"replies":[{"embeddable":true,"href":"https:\/\/dev.pixelmimosa.com\/capucineetmimosa\/wp-json\/wp\/v2\/comments?post=550"}],"wp:featuredmedia":[{"embeddable":true,"href":"https:\/\/dev.pixelmimosa.com\/capucineetmimosa\/wp-json\/wp\/v2\/media\/639"}],"wp:attachment":[{"href":"https:\/\/dev.pixelmimosa.com\/capucineetmimosa\/wp-json\/wp\/v2\/media?parent=550"}],"wp:term":[{"taxonomy":"product_brand","embeddable":true,"href":"https:\/\/dev.pixelmimosa.com\/capucineetmimosa\/wp-json\/wp\/v2\/product_brand?post=550"},{"taxonomy":"product_cat","embeddable":true,"href":"https:\/\/dev.pixelmimosa.com\/capucineetmimosa\/wp-json\/wp\/v2\/product_cat?post=550"},{"taxonomy":"product_tag","embeddable":true,"href":"https:\/\/dev.pixelmimosa.com\/capucineetmimosa\/wp-json\/wp\/v2\/product_tag?post=550"}],"curies":[{"name":"wp","href":"https:\/\/api.w.org\/{rel}","templated":true}]}}