{"id":546,"date":"2025-03-11T13:53:48","date_gmt":"2025-03-11T12:53:48","guid":{"rendered":"http:\/\/dev.pixelmimosa.com\/capucineetmimosa\/?post_type=product&#038;p=546"},"modified":"2025-03-13T10:49:14","modified_gmt":"2025-03-13T09:49:14","slug":"eclat-pastel","status":"publish","type":"product","link":"https:\/\/dev.pixelmimosa.com\/capucineetmimosa\/produit\/eclat-pastel\/","title":{"rendered":"\u00c9clat pastel"},"content":{"rendered":"<p data-start=\"823\" data-end=\"1181\">D\u00e9licatesse et po\u00e9sie s\u2019invitent dans <strong data-start=\"891\" data-end=\"907\">\u00c9clat Pastel<\/strong>, un bouquet o\u00f9 se m\u00ealent des nuances douces et apaisantes. Du rose poudr\u00e9 au bleu ciel en passant par le lavande et l\u2019abricot, chaque teinte pastel s\u2019accorde avec finesse pour une composition l\u00e9g\u00e8re et lumineuse. Parfait pour offrir une touche de tendresse et d\u2019\u00e9l\u00e9gance.<\/p>\n","protected":false},"excerpt":{"rendered":"<p>Un bouquet tendre et lumineux, m\u00ealant des fleurs aux teintes pastel pour une composition tout en douceur.<\/p>\n","protected":false},"featured_media":635,"comment_status":"open","ping_status":"closed","template":"","meta":[],"product_brand":[],"product_cat":[21],"product_tag":[],"class_list":{"0":"post-546","1":"product","2":"type-product","3":"status-publish","4":"has-post-thumbnail","6":"product_cat-bouquets-de-fleurs-fraiches","8":"first","9":"instock","10":"shipping-taxable","11":"purchasable","12":"product-type-simple"},"_links":{"self":[{"href":"https:\/\/dev.pixelmimosa.com\/capucineetmimosa\/wp-json\/wp\/v2\/product\/546","targetHints":{"allow":["GET"]}}],"collection":[{"href":"https:\/\/dev.pixelmimosa.com\/capucineetmimosa\/wp-json\/wp\/v2\/product"}],"about":[{"href":"https:\/\/dev.pixelmimosa.com\/capucineetmimosa\/wp-json\/wp\/v2\/types\/product"}],"replies":[{"embeddable":true,"href":"https:\/\/dev.pixelmimosa.com\/capucineetmimosa\/wp-json\/wp\/v2\/comments?post=546"}],"wp:featuredmedia":[{"embeddable":true,"href":"https:\/\/dev.pixelmimosa.com\/capucineetmimosa\/wp-json\/wp\/v2\/media\/635"}],"wp:attachment":[{"href":"https:\/\/dev.pixelmimosa.com\/capucineetmimosa\/wp-json\/wp\/v2\/media?parent=546"}],"wp:term":[{"taxonomy":"product_brand","embeddable":true,"href":"https:\/\/dev.pixelmimosa.com\/capucineetmimosa\/wp-json\/wp\/v2\/product_brand?post=546"},{"taxonomy":"product_cat","embeddable":true,"href":"https:\/\/dev.pixelmimosa.com\/capucineetmimosa\/wp-json\/wp\/v2\/product_cat?post=546"},{"taxonomy":"product_tag","embeddable":true,"href":"https:\/\/dev.pixelmimosa.com\/capucineetmimosa\/wp-json\/wp\/v2\/product_tag?post=546"}],"curies":[{"name":"wp","href":"https:\/\/api.w.org\/{rel}","templated":true}]}}