{"id":542,"date":"2025-03-11T13:50:23","date_gmt":"2025-03-11T12:50:23","guid":{"rendered":"http:\/\/dev.pixelmimosa.com\/capucineetmimosa\/?post_type=product&#038;p=542"},"modified":"2025-03-13T10:48:12","modified_gmt":"2025-03-13T09:48:12","slug":"soleil-dete","status":"publish","type":"product","link":"https:\/\/dev.pixelmimosa.com\/capucineetmimosa\/produit\/soleil-dete\/","title":{"rendered":"Soleil d&rsquo;\u00e9t\u00e9"},"content":{"rendered":"<p>Un v\u00e9ritable rayon de soleil dans un bouquet ! <strong data-start=\"333\" data-end=\"349\">Soleil d&rsquo;\u00c9t\u00e9<\/strong> m\u00e9lange avec harmonie le rose p\u00e2le, le prune profond et le jaune lumineux pour une composition \u00e0 la fois douce et vibrante. Chaque fleur apporte sa touche de chaleur et d&rsquo;\u00e9l\u00e9gance, cr\u00e9ant un \u00e9quilibre parfait entre fra\u00eecheur et \u00e9clat. Id\u00e9al pour illuminer un int\u00e9rieur ou c\u00e9l\u00e9brer un moment sp\u00e9cial.<\/p>\n","protected":false},"excerpt":{"rendered":"<p>Un bouquet \u00e9clatant aux teintes de rose p\u00e2le, prune et jaune, qui \u00e9voque la chaleur douce des journ\u00e9es estivales.<\/p>\n","protected":false},"featured_media":631,"comment_status":"open","ping_status":"closed","template":"","meta":[],"product_brand":[],"product_cat":[21],"product_tag":[],"class_list":{"0":"post-542","1":"product","2":"type-product","3":"status-publish","4":"has-post-thumbnail","6":"product_cat-bouquets-de-fleurs-fraiches","8":"first","9":"instock","10":"shipping-taxable","11":"purchasable","12":"product-type-simple"},"_links":{"self":[{"href":"https:\/\/dev.pixelmimosa.com\/capucineetmimosa\/wp-json\/wp\/v2\/product\/542","targetHints":{"allow":["GET"]}}],"collection":[{"href":"https:\/\/dev.pixelmimosa.com\/capucineetmimosa\/wp-json\/wp\/v2\/product"}],"about":[{"href":"https:\/\/dev.pixelmimosa.com\/capucineetmimosa\/wp-json\/wp\/v2\/types\/product"}],"replies":[{"embeddable":true,"href":"https:\/\/dev.pixelmimosa.com\/capucineetmimosa\/wp-json\/wp\/v2\/comments?post=542"}],"wp:featuredmedia":[{"embeddable":true,"href":"https:\/\/dev.pixelmimosa.com\/capucineetmimosa\/wp-json\/wp\/v2\/media\/631"}],"wp:attachment":[{"href":"https:\/\/dev.pixelmimosa.com\/capucineetmimosa\/wp-json\/wp\/v2\/media?parent=542"}],"wp:term":[{"taxonomy":"product_brand","embeddable":true,"href":"https:\/\/dev.pixelmimosa.com\/capucineetmimosa\/wp-json\/wp\/v2\/product_brand?post=542"},{"taxonomy":"product_cat","embeddable":true,"href":"https:\/\/dev.pixelmimosa.com\/capucineetmimosa\/wp-json\/wp\/v2\/product_cat?post=542"},{"taxonomy":"product_tag","embeddable":true,"href":"https:\/\/dev.pixelmimosa.com\/capucineetmimosa\/wp-json\/wp\/v2\/product_tag?post=542"}],"curies":[{"name":"wp","href":"https:\/\/api.w.org\/{rel}","templated":true}]}}