{"id":537,"date":"2025-03-11T13:36:05","date_gmt":"2025-03-11T12:36:05","guid":{"rendered":"http:\/\/dev.pixelmimosa.com\/capucineetmimosa\/?post_type=product&#038;p=537"},"modified":"2025-03-13T10:43:33","modified_gmt":"2025-03-13T09:43:33","slug":"eveil-floral","status":"publish","type":"product","link":"https:\/\/dev.pixelmimosa.com\/capucineetmimosa\/produit\/eveil-floral\/","title":{"rendered":"\u00c9veil floral"},"content":{"rendered":"<p>Un bouquet tout en finesse, o\u00f9 les tons rose et violet se m\u00ealent harmonieusement pour cr\u00e9er une composition pleine de douceur. Des fleurs aux p\u00e9tales d\u00e9licats s\u2019entrelacent avec un feuillage l\u00e9ger, apportant une touche de fra\u00eecheur et d\u2019\u00e9l\u00e9gance. Parfait pour offrir un instant fleuri, il s\u2019int\u00e8gre aussi bien dans un int\u00e9rieur cosy que pour c\u00e9l\u00e9brer une occasion sp\u00e9ciale.<\/p>\n","protected":false},"excerpt":{"rendered":"<p>Un bouquet d\u00e9licat aux nuances de rose et de violet, mariant fleurs vaporeuses et feuillage a\u00e9rien pour une touche de fra\u00eecheur et de po\u00e9sie.<\/p>\n","protected":false},"featured_media":627,"comment_status":"open","ping_status":"closed","template":"","meta":[],"product_brand":[],"product_cat":[21],"product_tag":[],"class_list":{"0":"post-537","1":"product","2":"type-product","3":"status-publish","4":"has-post-thumbnail","6":"product_cat-bouquets-de-fleurs-fraiches","8":"first","9":"instock","10":"shipping-taxable","11":"purchasable","12":"product-type-simple"},"_links":{"self":[{"href":"https:\/\/dev.pixelmimosa.com\/capucineetmimosa\/wp-json\/wp\/v2\/product\/537","targetHints":{"allow":["GET"]}}],"collection":[{"href":"https:\/\/dev.pixelmimosa.com\/capucineetmimosa\/wp-json\/wp\/v2\/product"}],"about":[{"href":"https:\/\/dev.pixelmimosa.com\/capucineetmimosa\/wp-json\/wp\/v2\/types\/product"}],"replies":[{"embeddable":true,"href":"https:\/\/dev.pixelmimosa.com\/capucineetmimosa\/wp-json\/wp\/v2\/comments?post=537"}],"wp:featuredmedia":[{"embeddable":true,"href":"https:\/\/dev.pixelmimosa.com\/capucineetmimosa\/wp-json\/wp\/v2\/media\/627"}],"wp:attachment":[{"href":"https:\/\/dev.pixelmimosa.com\/capucineetmimosa\/wp-json\/wp\/v2\/media?parent=537"}],"wp:term":[{"taxonomy":"product_brand","embeddable":true,"href":"https:\/\/dev.pixelmimosa.com\/capucineetmimosa\/wp-json\/wp\/v2\/product_brand?post=537"},{"taxonomy":"product_cat","embeddable":true,"href":"https:\/\/dev.pixelmimosa.com\/capucineetmimosa\/wp-json\/wp\/v2\/product_cat?post=537"},{"taxonomy":"product_tag","embeddable":true,"href":"https:\/\/dev.pixelmimosa.com\/capucineetmimosa\/wp-json\/wp\/v2\/product_tag?post=537"}],"curies":[{"name":"wp","href":"https:\/\/api.w.org\/{rel}","templated":true}]}}