{"id":40,"date":"2024-12-19T11:22:23","date_gmt":"2024-12-19T10:22:23","guid":{"rendered":"http:\/\/localhost\/capucine&#038;mimosa\/?page_id=40"},"modified":"2025-03-13T12:52:07","modified_gmt":"2025-03-13T11:52:07","slug":"mentions-legales","status":"publish","type":"page","link":"https:\/\/dev.pixelmimosa.com\/capucineetmimosa\/mentions-legales\/","title":{"rendered":"Mentions l\u00e9gales"},"content":{"rendered":"\t\t<div data-elementor-type=\"wp-page\" data-elementor-id=\"40\" class=\"elementor elementor-40\">\n\t\t\t\t<div class=\"elementor-element elementor-element-698c4731 e-flex e-con-boxed e-con e-parent\" data-id=\"698c4731\" data-element_type=\"container\" data-e-type=\"container\">\n\t\t\t\t\t<div class=\"e-con-inner\">\n\t\t\t\t<div class=\"elementor-element elementor-element-1aa01c09 elementor-widget elementor-widget-text-editor\" data-id=\"1aa01c09\" data-element_type=\"widget\" data-e-type=\"widget\" data-widget_type=\"text-editor.default\">\n\t\t\t\t<div class=\"elementor-widget-container\">\n\t\t\t\t\t\t\t\t\t\n<p><strong>Ce site est fictif et ne repr\u00e9sente aucun service r\u00e9el<\/strong>.<strong> Aucune commande ne sera honor\u00e9e<\/strong>. Les informations contenues sur ce site sont purement fictives et ne doivent pas \u00eatre interpr\u00e9t\u00e9es comme des informations r\u00e9elles.<\/p>\n\n<p>Les images et le contenu graphique utilis\u00e9s sur ce site proviennent de ressources gratuites disponibles sur\u00a0<strong>Freepik<\/strong>\u00a0et ne doivent pas \u00eatre consid\u00e9r\u00e9s comme repr\u00e9sentatifs de services ou produits r\u00e9els.<\/p>\n\n<p>\u00a0<\/p>\n\n<p><strong>\u00c9diteur du site :<\/strong><\/p>\n\n<ul class=\"wp-block-list\">\n<li>Nom : Oph\u00e9lie BAYART-DEVULDER \u2013 Pixel Mimosa<\/li>\n\n<li>Email : contact@pixelmimosa.com<\/li>\n<\/ul>\n\n<p><strong>H\u00e9bergeur :<\/strong><\/p>\n\n<ul class=\"wp-block-list\">\n<li>Nom : OVH<\/li>\n\n<li>Si\u00e8ge social : 2 rue Kellermann, 59100 Roubaix, France<\/li>\n<\/ul>\n\n<p>\u00a0<\/p>\n\t\t\t\t\t\t\t\t<\/div>\n\t\t\t\t<\/div>\n\t\t\t\t\t<\/div>\n\t\t\t\t<\/div>\n\t\t\t\t<\/div>\n\t\t","protected":false},"excerpt":{"rendered":"<p>Ce site est fictif et ne repr\u00e9sente aucun service r\u00e9el. Aucune commande ne sera honor\u00e9e. Les informations contenues sur ce site sont [&hellip;]<\/p>\n","protected":false},"author":1,"featured_media":75,"parent":0,"menu_order":0,"comment_status":"closed","ping_status":"open","template":"","meta":{"footnotes":""},"class_list":["post-40","page","type-page","status-publish","has-post-thumbnail","hentry"],"_links":{"self":[{"href":"https:\/\/dev.pixelmimosa.com\/capucineetmimosa\/wp-json\/wp\/v2\/pages\/40","targetHints":{"allow":["GET"]}}],"collection":[{"href":"https:\/\/dev.pixelmimosa.com\/capucineetmimosa\/wp-json\/wp\/v2\/pages"}],"about":[{"href":"https:\/\/dev.pixelmimosa.com\/capucineetmimosa\/wp-json\/wp\/v2\/types\/page"}],"author":[{"embeddable":true,"href":"https:\/\/dev.pixelmimosa.com\/capucineetmimosa\/wp-json\/wp\/v2\/users\/1"}],"replies":[{"embeddable":true,"href":"https:\/\/dev.pixelmimosa.com\/capucineetmimosa\/wp-json\/wp\/v2\/comments?post=40"}],"version-history":[{"count":5,"href":"https:\/\/dev.pixelmimosa.com\/capucineetmimosa\/wp-json\/wp\/v2\/pages\/40\/revisions"}],"predecessor-version":[{"id":701,"href":"https:\/\/dev.pixelmimosa.com\/capucineetmimosa\/wp-json\/wp\/v2\/pages\/40\/revisions\/701"}],"wp:featuredmedia":[{"embeddable":true,"href":"https:\/\/dev.pixelmimosa.com\/capucineetmimosa\/wp-json\/wp\/v2\/media\/75"}],"wp:attachment":[{"href":"https:\/\/dev.pixelmimosa.com\/capucineetmimosa\/wp-json\/wp\/v2\/media?parent=40"}],"curies":[{"name":"wp","href":"https:\/\/api.w.org\/{rel}","templated":true}]}}