{"id":27,"date":"2024-12-19T11:09:03","date_gmt":"2024-12-19T10:09:03","guid":{"rendered":"http:\/\/localhost\/capucine&#038;mimosa\/?page_id=27"},"modified":"2025-03-14T13:46:37","modified_gmt":"2025-03-14T12:46:37","slug":"contact","status":"publish","type":"page","link":"https:\/\/dev.pixelmimosa.com\/capucineetmimosa\/contact\/","title":{"rendered":"Contact"},"content":{"rendered":"\t\t<div data-elementor-type=\"wp-page\" data-elementor-id=\"27\" class=\"elementor elementor-27\">\n\t\t\t\t<div class=\"elementor-element elementor-element-4236841 e-flex e-con-boxed e-con e-parent\" data-id=\"4236841\" data-element_type=\"container\" data-e-type=\"container\">\n\t\t\t\t\t<div class=\"e-con-inner\">\n\t\t\t\t<div class=\"elementor-element elementor-element-e1d2ed2 elementor-widget__width-initial elementor-widget elementor-widget-text-editor\" data-id=\"e1d2ed2\" data-element_type=\"widget\" data-e-type=\"widget\" data-widget_type=\"text-editor.default\">\n\t\t\t\t<div class=\"elementor-widget-container\">\n\t\t\t\t\t\t\t\t\t<p><span style=\"font-weight: 400;\">Nous sommes ici pour r\u00e9pondre \u00e0 toutes vos questions et vous accompagner dans vos projets avec passion et expertise. <\/span><\/p><p><span style=\"font-weight: 400;\">N&rsquo;h\u00e9sitez pas \u00e0 nous contacter pour toute demande d&rsquo;information, un devis, ou pour discuter de votre projet. Nous serions ravis de vous entendre !<\/span><\/p>\t\t\t\t\t\t\t\t<\/div>\n\t\t\t\t<\/div>\n\t\t\t\t\t<\/div>\n\t\t\t\t<\/div>\n\t\t<div class=\"elementor-element elementor-element-341da84 e-flex e-con-boxed elementor-invisible e-con e-parent\" data-id=\"341da84\" data-element_type=\"container\" data-e-type=\"container\" data-settings=\"{&quot;animation&quot;:&quot;fadeInUp&quot;,&quot;animation_mobile&quot;:&quot;none&quot;}\">\n\t\t\t\t\t<div class=\"e-con-inner\">\n\t\t<div class=\"elementor-element elementor-element-ef11c7e e-con-full e-flex e-con e-child\" data-id=\"ef11c7e\" data-element_type=\"container\" data-e-type=\"container\">\n\t\t<div class=\"elementor-element elementor-element-339267e e-con-full e-flex e-con e-child\" data-id=\"339267e\" data-element_type=\"container\" data-e-type=\"container\">\n\t\t\t\t<div class=\"elementor-element elementor-element-ccef302 elementor-widget elementor-widget-image\" data-id=\"ccef302\" data-element_type=\"widget\" data-e-type=\"widget\" data-widget_type=\"image.default\">\n\t\t\t\t<div class=\"elementor-widget-container\">\n\t\t\t\t\t\t\t\t\t\t\t\t\t\t\t<img fetchpriority=\"high\" decoding=\"async\" width=\"480\" height=\"711\" src=\"https:\/\/dev.pixelmimosa.com\/capucineetmimosa\/wp-content\/uploads\/2025\/01\/contact2-1-min-480x711.png\" class=\"attachment-sydney-mas-thumb size-sydney-mas-thumb wp-image-409\" alt=\"\" srcset=\"https:\/\/dev.pixelmimosa.com\/capucineetmimosa\/wp-content\/uploads\/2025\/01\/contact2-1-min-480x711.png 480w, https:\/\/dev.pixelmimosa.com\/capucineetmimosa\/wp-content\/uploads\/2025\/01\/contact2-1-min-800x1184.png 800w, https:\/\/dev.pixelmimosa.com\/capucineetmimosa\/wp-content\/uploads\/2025\/01\/contact2-1-min-203x300.png 203w, https:\/\/dev.pixelmimosa.com\/capucineetmimosa\/wp-content\/uploads\/2025\/01\/contact2-1-min-692x1024.png 692w, https:\/\/dev.pixelmimosa.com\/capucineetmimosa\/wp-content\/uploads\/2025\/01\/contact2-1-min-768x1137.png 768w, https:\/\/dev.pixelmimosa.com\/capucineetmimosa\/wp-content\/uploads\/2025\/01\/contact2-1-min-1000x1481.png 1000w, https:\/\/dev.pixelmimosa.com\/capucineetmimosa\/wp-content\/uploads\/2025\/01\/contact2-1-min-230x341.png 230w, https:\/\/dev.pixelmimosa.com\/capucineetmimosa\/wp-content\/uploads\/2025\/01\/contact2-1-min-350x518.png 350w, https:\/\/dev.pixelmimosa.com\/capucineetmimosa\/wp-content\/uploads\/2025\/01\/contact2-1-min.png 1030w\" sizes=\"(max-width: 480px) 100vw, 480px\" \/>\t\t\t\t\t\t\t\t\t\t\t\t\t\t\t<\/div>\n\t\t\t\t<\/div>\n\t\t\t\t<\/div>\n\t\t<div class=\"elementor-element elementor-element-d214b45 e-con-full e-flex e-con e-child\" data-id=\"d214b45\" data-element_type=\"container\" data-e-type=\"container\">\n\t\t\t\t<div class=\"elementor-element elementor-element-91b1731 elementor-widget elementor-widget-heading\" data-id=\"91b1731\" data-element_type=\"widget\" data-e-type=\"widget\" data-widget_type=\"heading.default\">\n\t\t\t\t<div class=\"elementor-widget-container\">\n\t\t\t\t\t<h3 class=\"elementor-heading-title elementor-size-default\">Nos coordonn\u00e9es<\/h3>\t\t\t\t<\/div>\n\t\t\t\t<\/div>\n\t\t\t\t<div class=\"elementor-element elementor-element-6d98405 elementor-widget elementor-widget-text-editor\" data-id=\"6d98405\" data-element_type=\"widget\" data-e-type=\"widget\" data-widget_type=\"text-editor.default\">\n\t\t\t\t<div class=\"elementor-widget-container\">\n\t\t\t\t\t\t\t\t\t<p><img decoding=\"async\" class=\"alignnone wp-image-423 aligncenter\" src=\"https:\/\/dev.pixelmimosa.com\/capucineetmimosa\/wp-content\/uploads\/2025\/01\/map.png\" alt=\"\" width=\"40\" height=\"40\" \/><br \/><span style=\"font-weight: 400;\">Capucine &amp; Mimosa<br \/><\/span><span style=\"font-weight: 400;\">12 Rue du march\u00e9 aux fleurs,<br \/>31000 TOULOUSE<\/span><\/p><p style=\"text-align: center;\"><img decoding=\"async\" class=\"alignnone wp-image-437\" src=\"https:\/\/dev.pixelmimosa.com\/capucineetmimosa\/wp-content\/uploads\/2025\/01\/call_3760224.png\" alt=\"\" width=\"40\" height=\"40\" \/><br \/><span style=\"font-weight: 400;\">01 23 45 67 89<\/span><\/p>\t\t\t\t\t\t\t\t<\/div>\n\t\t\t\t<\/div>\n\t\t\t\t<div class=\"elementor-element elementor-element-1b1ba25 elementor-widget elementor-widget-heading\" data-id=\"1b1ba25\" data-element_type=\"widget\" data-e-type=\"widget\" data-widget_type=\"heading.default\">\n\t\t\t\t<div class=\"elementor-widget-container\">\n\t\t\t\t\t<h3 class=\"elementor-heading-title elementor-size-default\">Nos horaires<\/h3>\t\t\t\t<\/div>\n\t\t\t\t<\/div>\n\t\t\t\t<div class=\"elementor-element elementor-element-4edb2f7 elementor-widget elementor-widget-text-editor\" data-id=\"4edb2f7\" data-element_type=\"widget\" data-e-type=\"widget\" data-widget_type=\"text-editor.default\">\n\t\t\t\t<div class=\"elementor-widget-container\">\n\t\t\t\t\t\t\t\t\t<p><img loading=\"lazy\" decoding=\"async\" class=\"alignnone wp-image-422\" src=\"https:\/\/dev.pixelmimosa.com\/capucineetmimosa\/wp-content\/uploads\/2025\/01\/horaires.png\" alt=\"\" width=\"40\" height=\"40\" \/><br \/><span style=\"font-weight: 400;\">Du mardi au samedi : 9h-13h &#8211; 15h-19h<br \/><\/span><span style=\"font-weight: 400;\">Dimanche : 9h-13h<br \/><\/span><span style=\"font-weight: 400;\">Lundi : ferm\u00e9<\/span><\/p>\t\t\t\t\t\t\t\t<\/div>\n\t\t\t\t<\/div>\n\t\t\t\t<\/div>\n\t\t\t\t<\/div>\n\t\t\t\t\t<\/div>\n\t\t\t\t<\/div>\n\t\t<div class=\"elementor-element elementor-element-0d75b07 e-flex e-con-boxed elementor-invisible e-con e-parent\" data-id=\"0d75b07\" data-element_type=\"container\" data-e-type=\"container\" data-settings=\"{&quot;background_background&quot;:&quot;classic&quot;,&quot;animation&quot;:&quot;fadeInUp&quot;,&quot;animation_mobile&quot;:&quot;none&quot;}\">\n\t\t\t\t\t<div class=\"e-con-inner\">\n\t\t<div class=\"elementor-element elementor-element-9b70064 e-con-full e-flex e-con e-child\" data-id=\"9b70064\" data-element_type=\"container\" data-e-type=\"container\">\n\t\t\t\t<div class=\"elementor-element elementor-element-975f958 elementor-widget__width-initial elementor-widget elementor-widget-shortcode\" data-id=\"975f958\" data-element_type=\"widget\" data-e-type=\"widget\" data-widget_type=\"shortcode.default\">\n\t\t\t\t<div class=\"elementor-widget-container\">\n\t\t\t\t\t\t\t<div class=\"elementor-shortcode\">\n<div class=\"wpcf7 no-js\" id=\"wpcf7-f442-o1\" lang=\"fr-FR\" dir=\"ltr\" data-wpcf7-id=\"442\">\n<div class=\"screen-reader-response\"><p role=\"status\" aria-live=\"polite\" aria-atomic=\"true\"><\/p> <ul><\/ul><\/div>\n<form action=\"\/capucineetmimosa\/wp-json\/wp\/v2\/pages\/27#wpcf7-f442-o1\" method=\"post\" class=\"wpcf7-form init\" aria-label=\"Formulaire de contact\" novalidate=\"novalidate\" data-status=\"init\">\n<fieldset class=\"hidden-fields-container\"><input type=\"hidden\" name=\"_wpcf7\" value=\"442\" \/><input type=\"hidden\" name=\"_wpcf7_version\" value=\"6.1.5\" \/><input type=\"hidden\" name=\"_wpcf7_locale\" value=\"fr_FR\" \/><input type=\"hidden\" name=\"_wpcf7_unit_tag\" value=\"wpcf7-f442-o1\" \/><input type=\"hidden\" name=\"_wpcf7_container_post\" value=\"0\" \/><input type=\"hidden\" name=\"_wpcf7_posted_data_hash\" value=\"\" \/>\n<\/fieldset>\n<h2 class=\"titreForm\">Contactez-nous\n<\/h2>\n<p><label> Votre nom<br \/>\n<span class=\"wpcf7-form-control-wrap\" data-name=\"your-name\"><input size=\"40\" maxlength=\"400\" class=\"wpcf7-form-control wpcf7-text wpcf7-validates-as-required\" autocomplete=\"name\" aria-required=\"true\" aria-invalid=\"false\" value=\"\" type=\"text\" name=\"your-name\" \/><\/span> <\/label><br \/>\n<label> Votre pr\u00e9nom<br \/>\n<span class=\"wpcf7-form-control-wrap\" data-name=\"your-firstname\"><input size=\"40\" maxlength=\"400\" class=\"wpcf7-form-control wpcf7-text wpcf7-validates-as-required\" autocomplete=\"firstname\" aria-required=\"true\" aria-invalid=\"false\" value=\"\" type=\"text\" name=\"your-firstname\" \/><\/span> <\/label>\n<\/p>\n<p><label> Votre e-mail<br \/>\n<span class=\"wpcf7-form-control-wrap\" data-name=\"your-email\"><input size=\"40\" maxlength=\"400\" class=\"wpcf7-form-control wpcf7-email wpcf7-validates-as-required wpcf7-text wpcf7-validates-as-email\" autocomplete=\"email\" aria-required=\"true\" aria-invalid=\"false\" value=\"\" type=\"email\" name=\"your-email\" \/><\/span> <\/label><br \/>\n<label> Votre t\u00e9l\u00e9phone<br \/>\n<span class=\"wpcf7-form-control-wrap\" data-name=\"tel-801\"><input size=\"40\" maxlength=\"400\" class=\"wpcf7-form-control wpcf7-tel wpcf7-validates-as-required wpcf7-text wpcf7-validates-as-tel\" aria-required=\"true\" aria-invalid=\"false\" value=\"\" type=\"tel\" name=\"tel-801\" \/><\/span> <\/label>\n<\/p>\n<p><label> Objet<br \/>\n<span class=\"wpcf7-form-control-wrap\" data-name=\"your-subject\"><input size=\"40\" maxlength=\"400\" class=\"wpcf7-form-control wpcf7-text wpcf7-validates-as-required\" aria-required=\"true\" aria-invalid=\"false\" value=\"\" type=\"text\" name=\"your-subject\" \/><\/span> <\/label>\n<\/p>\n<p><label> Votre message<br \/>\n<span class=\"wpcf7-form-control-wrap\" data-name=\"your-message\"><textarea cols=\"40\" rows=\"10\" maxlength=\"2000\" class=\"wpcf7-form-control wpcf7-textarea wpcf7-validates-as-required\" aria-required=\"true\" aria-invalid=\"false\" name=\"your-message\"><\/textarea><\/span> <\/label>\n<\/p>\n<p><input class=\"wpcf7-form-control wpcf7-submit has-spinner\" type=\"submit\" value=\"Envoyer\" \/>\n<\/p><div class=\"wpcf7-response-output\" aria-hidden=\"true\"><\/div>\n<\/form>\n<\/div>\n<\/div>\n\t\t\t\t\t\t<\/div>\n\t\t\t\t<\/div>\n\t\t\t\t<\/div>\n\t\t\t\t\t<\/div>\n\t\t\t\t<\/div>\n\t\t\t\t<\/div>\n\t\t","protected":false},"excerpt":{"rendered":"<p>Nous sommes ici pour r\u00e9pondre \u00e0 toutes vos questions et vous accompagner dans vos projets avec passion et expertise. N&rsquo;h\u00e9sitez pas \u00e0 [&hellip;]<\/p>\n","protected":false},"author":1,"featured_media":403,"parent":0,"menu_order":0,"comment_status":"closed","ping_status":"closed","template":"elementor_header_footer","meta":{"footnotes":""},"class_list":["post-27","page","type-page","status-publish","has-post-thumbnail","hentry"],"_links":{"self":[{"href":"https:\/\/dev.pixelmimosa.com\/capucineetmimosa\/wp-json\/wp\/v2\/pages\/27","targetHints":{"allow":["GET"]}}],"collection":[{"href":"https:\/\/dev.pixelmimosa.com\/capucineetmimosa\/wp-json\/wp\/v2\/pages"}],"about":[{"href":"https:\/\/dev.pixelmimosa.com\/capucineetmimosa\/wp-json\/wp\/v2\/types\/page"}],"author":[{"embeddable":true,"href":"https:\/\/dev.pixelmimosa.com\/capucineetmimosa\/wp-json\/wp\/v2\/users\/1"}],"replies":[{"embeddable":true,"href":"https:\/\/dev.pixelmimosa.com\/capucineetmimosa\/wp-json\/wp\/v2\/comments?post=27"}],"version-history":[{"count":88,"href":"https:\/\/dev.pixelmimosa.com\/capucineetmimosa\/wp-json\/wp\/v2\/pages\/27\/revisions"}],"predecessor-version":[{"id":768,"href":"https:\/\/dev.pixelmimosa.com\/capucineetmimosa\/wp-json\/wp\/v2\/pages\/27\/revisions\/768"}],"wp:featuredmedia":[{"embeddable":true,"href":"https:\/\/dev.pixelmimosa.com\/capucineetmimosa\/wp-json\/wp\/v2\/media\/403"}],"wp:attachment":[{"href":"https:\/\/dev.pixelmimosa.com\/capucineetmimosa\/wp-json\/wp\/v2\/media?parent=27"}],"curies":[{"name":"wp","href":"https:\/\/api.w.org\/{rel}","templated":true}]}}